{"id":5158,"date":"2022-07-27T17:59:06","date_gmt":"2022-07-27T15:59:06","guid":{"rendered":"https:\/\/emilianoamico.it\/?page_id=5158"},"modified":"2022-12-21T14:51:55","modified_gmt":"2022-12-21T13:51:55","slug":"ricette-vegane","status":"publish","type":"page","link":"https:\/\/emilianoamico.it\/home\/ricette-vegane\/","title":{"rendered":"Ricette Vegane"},"content":{"rendered":"\n<h2 class=\"wp-block-heading\">Ricette Vegane<\/h2>\n\n\n\n<p class=\"has-text-align-left\">La dieta vegana prevede l&#8217;eliminazione di qualsiasi derivato animale: non solo carne quindi, ma anche uova, miele e latticini. Scoprite i nostri consigli per sfruttare al meglio gli ingredienti ammessi in una dieta vegana. Basta scegliere gli ingredienti giusti, aggiungere un po&#8217; di creativit\u00e0 et&#8230; voil\u00e0, il pranzo della domenica \u00e8 servito!<\/p>\n\n\n<div class=\"wp-block-image\">\n<figure class=\"aligncenter size-large\"><img loading=\"lazy\" decoding=\"async\" width=\"960\" height=\"540\" src=\"https:\/\/emilianoamico.it\/wp-content\/uploads\/2022\/07\/Ricetta-Anteprima-3-960x540.png\" alt=\"\" class=\"wp-image-5159\" srcset=\"https:\/\/emilianoamico.it\/wp-content\/uploads\/2022\/07\/Ricetta-Anteprima-3-960x540.png 960w, https:\/\/emilianoamico.it\/wp-content\/uploads\/2022\/07\/Ricetta-Anteprima-3-320x180.png 320w, https:\/\/emilianoamico.it\/wp-content\/uploads\/2022\/07\/Ricetta-Anteprima-3-768x432.png 768w, https:\/\/emilianoamico.it\/wp-content\/uploads\/2022\/07\/Ricetta-Anteprima-3-480x270.png 480w, https:\/\/emilianoamico.it\/wp-content\/uploads\/2022\/07\/Ricetta-Anteprima-3.png 1280w\" sizes=\"auto, (max-width: 960px) 100vw, 960px\" \/><\/figure>\n<\/div>\n\n\n<p><em>Tante idee facili e veloci da realizzare, ricette vegane molto sfiziose, leggere con preparazioni semplici per tutti i gusti! La cucina vegana perfetta e in poco tempo.<\/em><\/p>\n\n\n\n<div style=\"height:67px\" aria-hidden=\"true\" class=\"wp-block-spacer\"><\/div>\n\n\n","protected":false},"excerpt":{"rendered":"<p>Ricette Vegane La dieta vegana prevede l&#8217;eliminazione di qualsiasi derivato animale: non solo carne quindi, ma anche uova, miele e latticini. Scoprite i nostri consigli per sfruttare al meglio gli ingredienti ammessi in una dieta vegana. Basta scegliere gli ingredienti giusti, aggiungere un po&#8217; di creativit\u00e0 et&#8230; voil\u00e0, il pranzo della domenica \u00e8 servito! Tante idee facili e veloci da&hellip;<\/p>\n","protected":false},"author":1,"featured_media":5159,"parent":0,"menu_order":0,"comment_status":"closed","ping_status":"closed","template":"","meta":{"wprm-recipe-roundup-name":"","wprm-recipe-roundup-description":"","footnotes":""},"class_list":["post-5158","page","type-page","status-publish","has-post-thumbnail","hentry"],"_links":{"self":[{"href":"https:\/\/emilianoamico.it\/home\/wp-json\/wp\/v2\/pages\/5158","targetHints":{"allow":["GET"]}}],"collection":[{"href":"https:\/\/emilianoamico.it\/home\/wp-json\/wp\/v2\/pages"}],"about":[{"href":"https:\/\/emilianoamico.it\/home\/wp-json\/wp\/v2\/types\/page"}],"author":[{"embeddable":true,"href":"https:\/\/emilianoamico.it\/home\/wp-json\/wp\/v2\/users\/1"}],"replies":[{"embeddable":true,"href":"https:\/\/emilianoamico.it\/home\/wp-json\/wp\/v2\/comments?post=5158"}],"version-history":[{"count":3,"href":"https:\/\/emilianoamico.it\/home\/wp-json\/wp\/v2\/pages\/5158\/revisions"}],"predecessor-version":[{"id":6040,"href":"https:\/\/emilianoamico.it\/home\/wp-json\/wp\/v2\/pages\/5158\/revisions\/6040"}],"wp:featuredmedia":[{"embeddable":true,"href":"https:\/\/emilianoamico.it\/home\/wp-json\/wp\/v2\/media\/5159"}],"wp:attachment":[{"href":"https:\/\/emilianoamico.it\/home\/wp-json\/wp\/v2\/media?parent=5158"}],"curies":[{"name":"wp","href":"https:\/\/api.w.org\/{rel}","templated":true}]}}