{"id":4180,"date":"2022-06-27T10:14:04","date_gmt":"2022-06-27T08:14:04","guid":{"rendered":"https:\/\/emilianoamico.it\/?page_id=4180"},"modified":"2022-12-21T14:44:25","modified_gmt":"2022-12-21T13:44:25","slug":"cucina-tunisina","status":"publish","type":"page","link":"https:\/\/emilianoamico.it\/home\/cucina-tunisina\/","title":{"rendered":"Cucina Tunisina"},"content":{"rendered":"\n<h2 class=\"wp-block-heading\">Cucina Tunisina<\/h2>\n\n\n\n<p><em>La&nbsp;<\/em><strong>cucina della Tunisia<\/strong><em>&nbsp;\u00e8 arricchita da una numerosa serie di erbe e di spezie e ricca sia di carne che di pesce. Scopriamo la cucina della Tunisia e la sua storia.<\/em><\/p>\n\n\n<div class=\"wp-block-image\">\n<figure class=\"aligncenter size-large\"><img loading=\"lazy\" decoding=\"async\" width=\"960\" height=\"540\" src=\"https:\/\/emilianoamico.it\/wp-content\/uploads\/2022\/06\/Progetto-senza-titolo-3-2-960x540.png\" alt=\"\" class=\"wp-image-4181\" srcset=\"https:\/\/emilianoamico.it\/wp-content\/uploads\/2022\/06\/Progetto-senza-titolo-3-2-960x540.png 960w, https:\/\/emilianoamico.it\/wp-content\/uploads\/2022\/06\/Progetto-senza-titolo-3-2-320x180.png 320w, https:\/\/emilianoamico.it\/wp-content\/uploads\/2022\/06\/Progetto-senza-titolo-3-2-768x432.png 768w, https:\/\/emilianoamico.it\/wp-content\/uploads\/2022\/06\/Progetto-senza-titolo-3-2-480x270.png 480w, https:\/\/emilianoamico.it\/wp-content\/uploads\/2022\/06\/Progetto-senza-titolo-3-2.png 1280w\" sizes=\"auto, (max-width: 960px) 100vw, 960px\" \/><\/figure>\n<\/div>\n\n\n<p>Dal couscous alla frittata berbera, la cucina tunisina, speziata, profumata e colorata, \u00e8 un m\u00e9lange delle tante civilt\u00e0 che hanno abitato il paese africano.<\/p>\n\n\n\n<div style=\"height:42px\" aria-hidden=\"true\" class=\"wp-block-spacer\"><\/div>\n\n\n\n<div class=\"wp-block-media-text alignwide is-stacked-on-mobile\" style=\"grid-template-columns:20% auto\"><figure class=\"wp-block-media-text__media\"><img loading=\"lazy\" decoding=\"async\" width=\"300\" height=\"300\" src=\"https:\/\/emilianoamico.it\/wp-content\/uploads\/2022\/06\/Avatar.png\" alt=\"\" class=\"wp-image-3770 size-full\" srcset=\"https:\/\/emilianoamico.it\/wp-content\/uploads\/2022\/06\/Avatar.png 300w, https:\/\/emilianoamico.it\/wp-content\/uploads\/2022\/06\/Avatar-150x150.png 150w\" sizes=\"auto, (max-width: 300px) 100vw, 300px\" \/><\/figure><div class=\"wp-block-media-text__content\">\n<p class=\"has-large-font-size\">Ameni Bouali <\/p>\n\n\n\n<p>Scopri con me le migliori ricette della Tunisia, realizzate da Ameni! <strong>Preparatevi a gustare una variet\u00e0 di prelibatezze che scaldano il cuore e deliziano il palato<\/strong>. La meravigliosa presentazione \u00e8 solo un anticipo di ci\u00f2 che proverete con l\u2019assaggio.&nbsp;<\/p>\n<\/div><\/div>\n\n\n\n<div style=\"height:75px\" aria-hidden=\"true\" class=\"wp-block-spacer\"><\/div>\n\n\n","protected":false},"excerpt":{"rendered":"<p>Cucina Tunisina La&nbsp;cucina della Tunisia&nbsp;\u00e8 arricchita da una numerosa serie di erbe e di spezie e ricca sia di carne che di pesce. Scopriamo la cucina della Tunisia e la sua storia. Dal couscous alla frittata berbera, la cucina tunisina, speziata, profumata e colorata, \u00e8 un m\u00e9lange delle tante civilt\u00e0 che hanno abitato il paese africano. Ameni Bouali Scopri con&hellip;<\/p>\n","protected":false},"author":1,"featured_media":4181,"parent":0,"menu_order":0,"comment_status":"closed","ping_status":"closed","template":"","meta":{"wprm-recipe-roundup-name":"","wprm-recipe-roundup-description":"","footnotes":""},"class_list":["post-4180","page","type-page","status-publish","has-post-thumbnail","hentry"],"_links":{"self":[{"href":"https:\/\/emilianoamico.it\/home\/wp-json\/wp\/v2\/pages\/4180","targetHints":{"allow":["GET"]}}],"collection":[{"href":"https:\/\/emilianoamico.it\/home\/wp-json\/wp\/v2\/pages"}],"about":[{"href":"https:\/\/emilianoamico.it\/home\/wp-json\/wp\/v2\/types\/page"}],"author":[{"embeddable":true,"href":"https:\/\/emilianoamico.it\/home\/wp-json\/wp\/v2\/users\/1"}],"replies":[{"embeddable":true,"href":"https:\/\/emilianoamico.it\/home\/wp-json\/wp\/v2\/comments?post=4180"}],"version-history":[{"count":9,"href":"https:\/\/emilianoamico.it\/home\/wp-json\/wp\/v2\/pages\/4180\/revisions"}],"predecessor-version":[{"id":6021,"href":"https:\/\/emilianoamico.it\/home\/wp-json\/wp\/v2\/pages\/4180\/revisions\/6021"}],"wp:featuredmedia":[{"embeddable":true,"href":"https:\/\/emilianoamico.it\/home\/wp-json\/wp\/v2\/media\/4181"}],"wp:attachment":[{"href":"https:\/\/emilianoamico.it\/home\/wp-json\/wp\/v2\/media?parent=4180"}],"curies":[{"name":"wp","href":"https:\/\/api.w.org\/{rel}","templated":true}]}}